{"id":4354,"date":"2026-01-22T05:31:00","date_gmt":"2026-01-22T05:31:00","guid":{"rendered":"https:\/\/kitchenstainless.com.sv\/?post_type=product&#038;p=4354"},"modified":"2026-01-26T23:24:00","modified_gmt":"2026-01-26T23:24:00","slug":"campana-kitchen-stainless","status":"publish","type":"product","link":"https:\/\/kitchenstainless.com.sv\/index.php\/product\/campana-kitchen-stainless\/","title":{"rendered":"CAMPANA KITCHEN STAINLESS"},"content":{"rendered":"<p>M\u00e1xima fluidez de grasa<br \/>\nEncajuelado de f\u00e1cil lavado<br \/>\nSoldados a m\u00e1quina especial<\/p>\n<p>Filtros<br \/>\nF\u00e1cil lavado<\/p>\n","protected":false},"excerpt":{"rendered":"<p>M\u00e1xima fluidez de grasa Encajuelado de f\u00e1cil lavado Soldados a m\u00e1quina especial Filtros F\u00e1cil lavado<\/p>\n","protected":false},"featured_media":4355,"comment_status":"open","ping_status":"closed","template":"","meta":{"om_disable_all_campaigns":false,"_mi_skip_tracking":false,"_monsterinsights_sitenote_active":false,"_monsterinsights_sitenote_note":"","_monsterinsights_sitenote_category":0},"product_cat":[89],"product_tag":[],"class_list":{"0":"post-4354","1":"product","2":"type-product","3":"status-publish","4":"has-post-thumbnail","5":"hentry","6":"product_cat-equipo-para-restaurante","7":"nt-post-class","8":"","11":"excerpt-none"},"_links":{"self":[{"href":"https:\/\/kitchenstainless.com.sv\/index.php\/wp-json\/wp\/v2\/product\/4354","targetHints":{"allow":["GET"]}}],"collection":[{"href":"https:\/\/kitchenstainless.com.sv\/index.php\/wp-json\/wp\/v2\/product"}],"about":[{"href":"https:\/\/kitchenstainless.com.sv\/index.php\/wp-json\/wp\/v2\/types\/product"}],"replies":[{"embeddable":true,"href":"https:\/\/kitchenstainless.com.sv\/index.php\/wp-json\/wp\/v2\/comments?post=4354"}],"wp:featuredmedia":[{"embeddable":true,"href":"https:\/\/kitchenstainless.com.sv\/index.php\/wp-json\/wp\/v2\/media\/4355"}],"wp:attachment":[{"href":"https:\/\/kitchenstainless.com.sv\/index.php\/wp-json\/wp\/v2\/media?parent=4354"}],"wp:term":[{"taxonomy":"product_cat","embeddable":true,"href":"https:\/\/kitchenstainless.com.sv\/index.php\/wp-json\/wp\/v2\/product_cat?post=4354"},{"taxonomy":"product_tag","embeddable":true,"href":"https:\/\/kitchenstainless.com.sv\/index.php\/wp-json\/wp\/v2\/product_tag?post=4354"}],"curies":[{"name":"wp","href":"https:\/\/api.w.org\/{rel}","templated":true}]}}